{"id":8,"date":"2024-08-02T08:20:24","date_gmt":"2024-08-02T06:20:24","guid":{"rendered":"https:\/\/dev.eitk.com\/hammer\/?page_id=8"},"modified":"2025-05-07T13:55:32","modified_gmt":"2025-05-07T11:55:32","slug":"ordination","status":"publish","type":"page","link":"https:\/\/lungehammer.at\/","title":{"rendered":"Home"},"content":{"rendered":"[vc_row type=&#8220;in_container&#8220; full_screen_row_position=&#8220;middle&#8220; column_margin=&#8220;default&#8220; column_direction=&#8220;default&#8220; column_direction_tablet=&#8220;default&#8220; column_direction_phone=&#8220;default&#8220; scene_position=&#8220;center&#8220; text_color=&#8220;dark&#8220; text_align=&#8220;left&#8220; row_border_radius=&#8220;none&#8220; row_border_radius_applies=&#8220;bg&#8220; overflow=&#8220;visible&#8220; overlay_strength=&#8220;0.3&#8243; gradient_direction=&#8220;left_to_right&#8220; shape_divider_position=&#8220;bottom&#8220; bg_image_animation=&#8220;none&#8220;][vc_column column_padding=&#8220;no-extra-padding&#8220; column_padding_tablet=&#8220;inherit&#8220; column_padding_phone=&#8220;inherit&#8220; column_padding_position=&#8220;all&#8220; column_element_direction_desktop=&#8220;default&#8220; column_element_spacing=&#8220;default&#8220; desktop_text_alignment=&#8220;default&#8220; tablet_text_alignment=&#8220;default&#8220; phone_text_alignment=&#8220;default&#8220; background_color_opacity=&#8220;1&#8243; background_hover_color_opacity=&#8220;1&#8243; column_backdrop_filter=&#8220;none&#8220; column_shadow=&#8220;none&#8220; column_border_radius=&#8220;none&#8220; column_link_target=&#8220;_self&#8220; column_position=&#8220;default&#8220; gradient_direction=&#8220;left_to_right&#8220; overlay_strength=&#8220;0.3&#8243; width=&#8220;1\/1&#8243; tablet_width_inherit=&#8220;default&#8220; animation_type=&#8220;default&#8220; bg_image_animation=&#8220;none&#8220; border_type=&#8220;simple&#8220; column_border_width=&#8220;none&#8220; column_border_style=&#8220;solid&#8220;][split_line_heading animation_type=&#8220;line-reveal-by-space&#8220; font_style=&#8220;h1&#8243; text_color=&#8220;#2596be&#8220; line_reveal_by_space_text_effect=&#8220;default&#8220; content_alignment=&#8220;center&#8220; mobile_content_alignment=&#8220;inherit&#8220; link_target=&#8220;_self&#8220; text_content=&#8220;Unsere Lungenfacharzt-Ordination in Hartberg&#8220; text_direction=&#8220;default&#8220; font_size_phone=&#8220;5vw&#8220;][\/split_line_heading][image_with_animation image_url=&#8220;112&#8243; image_size=&#8220;medium_large&#8220; animation_type=&#8220;entrance&#8220; animation=&#8220;Fade In&#8220; animation_easing=&#8220;default&#8220; animation_movement_type=&#8220;transform_y&#8220; hover_animation=&#8220;zoom&#8220; alignment=&#8220;center&#8220; border_radius=&#8220;3px&#8220; box_shadow=&#8220;small_depth&#8220; image_loading=&#8220;default&#8220; max_width=&#8220;100%&#8220; max_width_mobile=&#8220;default&#8220;][vc_column_text css_animation=&#8220;fadeIn&#8220; text_direction=&#8220;default&#8220;]\n<p style=\"text-align: left; font-size: 1.4em;\">Die Lungenfacharzt-Ordination Dr. Johannes Hammer befindet sich im \u00c4rztezentrum in der Ressavarstrasse 12-14 \/ Hartberg im ersten Stock und ist barrierefrei per Lift erreichbar. Wie Sie uns am besten finden,lesen Sie unter Wegbeschreibung und Parkpl\u00e4tze.<\/p>\n<p style=\"text-align: left; font-size: 1.4em;\">Wir freuen uns \u00fcber Patienten und Patientinnen aller Krankenkassen .<br \/>\nBitte vereinbaren Sie unbedingt Ihren Termin telefonisch unter: <strong><a href=\"tel:+43333266565\">+43 3332 665 65<\/a>.<\/strong><\/p>\n<p style=\"text-align: left; font-size: 1.4em;\"><strong>Wir bitten aber um Verst\u00e4ndnis, dass akute Krankheitsf\u00e4lle oder Notf\u00e4lle vorgereiht werden!<\/strong><\/p>\n[\/vc_column_text][split_line_heading animation_type=&#8220;line-reveal-by-space&#8220; font_style=&#8220;h3&#8243; text_color=&#8220;#ffac0c&#8220; line_reveal_by_space_text_effect=&#8220;default&#8220; content_alignment=&#8220;default&#8220; mobile_content_alignment=&#8220;inherit&#8220; link_target=&#8220;_self&#8220; text_content=&#8220;Ordinationszeiten&#8220; text_direction=&#8220;default&#8220; font_size_phone=&#8220;5vw&#8220;][\/split_line_heading][vc_column_text text_direction=&#8220;default&#8220;]\n<p style=\"font-size: 1.4em;\">Bitte vereinbaren Sie unbedingt Ihren Termin telefonisch unter <strong><a href=\"tel:+43333266565\">+43 3332 665 65<\/a><\/strong>. Wir bitten aber um Verst\u00e4ndnis, dass akute Krankheitsf\u00e4lle oder Notf\u00e4lle vorgereiht werden.<\/p>\n[\/vc_column_text]<div class=\"nectar-fancy-ul\" data-list-icon=\"icon-salient-thin-line\" data-animation=\"true\" data-animation-delay=\"0\" data-color=\"extra-color-1\" data-spacing=\"default\" data-alignment=\"left\"> \n<ul>\n<li class=\"bodytext\" style=\"font-size: 1.4em;\">Montag 13:00 \u2013 18:30 Uhr<\/li>\n<li class=\"bodytext\" style=\"font-size: 1.4em;\">Dienstag 08:00 \u2013 13:30 Uhr<\/li>\n<li class=\"bodytext\" style=\"font-size: 1.4em;\">Donnerstag 08:00 \u2013 12:00 | 15:00 \u2013 18:30 Uhr<\/li>\n<li class=\"bodytext\" style=\"font-size: 1.4em;\">Freitag 08:00 \u2013 13:30 Uhr<\/li>\n<\/ul>\n <\/div>[split_line_heading animation_type=&#8220;line-reveal-by-space&#8220; font_style=&#8220;h3&#8243; text_color=&#8220;#ffac0c&#8220; line_reveal_by_space_text_effect=&#8220;default&#8220; content_alignment=&#8220;default&#8220; mobile_content_alignment=&#8220;inherit&#8220; link_target=&#8220;_self&#8220; text_content=&#8220;Wegbeschreibung&#8220; text_direction=&#8220;default&#8220; font_size_phone=&#8220;5vw&#8220;][\/split_line_heading][vc_column_text text_direction=&#8220;default&#8220;]\n<p style=\"font-size: 1.4em;\">Zwischen den zwei Kreisverkehren von Norden nach S\u00fcden liegt die Durchzugsstra\u00dfe Hartbergs, die Ressavarstra\u00dfe. Das \u00c4rztezentrum befindet sich in H\u00f6he der Kirche. Direkt gegen\u00fcber liegt eine Busstation (Ankerhof, mit dem Citybus bequem erreichbar).<\/p>\n[\/vc_column_text][split_line_heading animation_type=&#8220;line-reveal-by-space&#8220; font_style=&#8220;h3&#8243; text_color=&#8220;#ffac0c&#8220; line_reveal_by_space_text_effect=&#8220;default&#8220; content_alignment=&#8220;default&#8220; mobile_content_alignment=&#8220;inherit&#8220; link_target=&#8220;_self&#8220; text_content=&#8220;Parkpl\u00e4tze&#8220; text_direction=&#8220;default&#8220; font_size_phone=&#8220;5vw&#8220;][\/split_line_heading]<div class=\"nectar-fancy-ul\" data-list-icon=\"icon-salient-thin-line\" data-animation=\"true\" data-animation-delay=\"0\" data-color=\"extra-color-1\" data-spacing=\"default\" data-alignment=\"left\"> \n<ul style=\"font-size: 1.4em;\">\n<li class=\"bodytext\">Gratis Parkplatz gegen\u00fcber Kloster<\/li>\n<li class=\"bodytext\">Parkm\u00f6glichkeit Ressavarstra\u00dfe: 120 Minuten Zeitbegrenzung von 8 &#8211; 12 und 14 \u2013 18 Uhr, \u00fcbrige Zeiten gratis (Parkuhr stellen!)<\/li>\n<li class=\"bodytext\">Gratis Parkpl\u00e4tze ohne Zeitbeschr\u00e4nkung in der Stra\u00dfe hinter dem \u00c4rztezentrum (Vorsicht, Einbahnstra\u00dfe!)<\/li>\n<li class=\"bodytext\">2 Behindertenparkpl\u00e4tze befinden sich direkt vor dem \u00c4rztehaus.<\/li>\n<\/ul>\n<h5 style=\"font-size: 1.4em;\"><strong>Dr. Johannes Hammer und das Ordinationsteam freuen sich darauf, Sie kennenzulernen<\/strong><\/h5>\n <\/div>[\/vc_column][\/vc_row]\n","protected":false},"excerpt":{"rendered":"<p>[vc_row type=&#8220;in_container&#8220; full_screen_row_position=&#8220;middle&#8220; column_margin=&#8220;default&#8220; column_direction=&#8220;default&#8220; column_direction_tablet=&#8220;default&#8220; column_direction_phone=&#8220;default&#8220; scene_position=&#8220;center&#8220; text_color=&#8220;dark&#8220; text_align=&#8220;left&#8220; row_border_radius=&#8220;none&#8220; row_border_radius_applies=&#8220;bg&#8220; overflow=&#8220;visible&#8220; overlay_strength=&#8220;0.3&#8243; gradient_direction=&#8220;left_to_right&#8220; shape_divider_position=&#8220;bottom&#8220; bg_image_animation=&#8220;none&#8220;][vc_column column_padding=&#8220;no-extra-padding&#8220; column_padding_tablet=&#8220;inherit&#8220; column_padding_phone=&#8220;inherit&#8220; column_padding_position=&#8220;all&#8220; column_element_direction_desktop=&#8220;default&#8220; column_element_spacing=&#8220;default&#8220; desktop_text_alignment=&#8220;default&#8220; tablet_text_alignment=&#8220;default&#8220; phone_text_alignment=&#8220;default&#8220; background_color_opacity=&#8220;1&#8243; background_hover_color_opacity=&#8220;1&#8243; column_backdrop_filter=&#8220;none&#8220; column_shadow=&#8220;none&#8220;&#8230;<\/p>\n","protected":false},"author":1,"featured_media":0,"parent":0,"menu_order":0,"comment_status":"closed","ping_status":"closed","template":"","meta":{"footnotes":""},"class_list":["post-8","page","type-page","status-publish"],"_links":{"self":[{"href":"https:\/\/lungehammer.at\/index.php\/wp-json\/wp\/v2\/pages\/8","targetHints":{"allow":["GET"]}}],"collection":[{"href":"https:\/\/lungehammer.at\/index.php\/wp-json\/wp\/v2\/pages"}],"about":[{"href":"https:\/\/lungehammer.at\/index.php\/wp-json\/wp\/v2\/types\/page"}],"author":[{"embeddable":true,"href":"https:\/\/lungehammer.at\/index.php\/wp-json\/wp\/v2\/users\/1"}],"replies":[{"embeddable":true,"href":"https:\/\/lungehammer.at\/index.php\/wp-json\/wp\/v2\/comments?post=8"}],"version-history":[{"count":8,"href":"https:\/\/lungehammer.at\/index.php\/wp-json\/wp\/v2\/pages\/8\/revisions"}],"predecessor-version":[{"id":332,"href":"https:\/\/lungehammer.at\/index.php\/wp-json\/wp\/v2\/pages\/8\/revisions\/332"}],"wp:attachment":[{"href":"https:\/\/lungehammer.at\/index.php\/wp-json\/wp\/v2\/media?parent=8"}],"curies":[{"name":"wp","href":"https:\/\/api.w.org\/{rel}","templated":true}]}}